{"id":37,"date":"2025-05-29T11:51:10","date_gmt":"2025-05-29T11:51:10","guid":{"rendered":"http:\/\/localhost:8888\/?page_id=37"},"modified":"2025-05-29T14:51:17","modified_gmt":"2025-05-29T14:51:17","slug":"primaria","status":"publish","type":"page","link":"https:\/\/pogonesti.ro\/index.php\/primaria\/","title":{"rendered":"Primaria"},"content":{"rendered":"\n<p><strong>Administra\u0163ia public\u0103<\/strong>&nbsp;func\u0163ioneaz\u0103 \u00een concordan\u0163\u0103 cu principiile autonomiei locale, descentraliz\u0103rii, legalit\u0103\u0163ii \u015fi al consult\u0103rii cet\u0103\u0163enilor cu privire la problemele locale.<br>Autonomia local\u0103 este un drept exercitat de consiliile locale \u015fi primari, de consiliile jude\u0163ene, alese prin vot direct.<\/p>\n\n\n\n<p><strong>Prim\u0103ria&nbsp;<\/strong>este organul executiv al Consiliului local. Primarul este \u015feful administra\u0163iei publice locale. Primarul reprezint\u0103 ora\u015ful \u00een rela\u0163iile cu persoanele fizice sau juridice din \u0163ar\u0103 sau str\u0103in\u0103tate.<\/p>\n\n\n\n<p><strong>Atribu\u0163iile Primarului<\/strong>:<br>Primarul exercita urm\u0103toarele atribu\u0163ii principale:<\/p>\n\n\n\n<ul class=\"wp-block-list\">\n<li>atribu\u0163ii exercitate \u00een calitate de reprezentant al statului, \u00een condi\u0163iile legii:\n<ul class=\"wp-block-list\">\n<li>\u00eendepline\u015fte func\u0163ia de ofi\u0163er de stare civila \u015fi autoritate tutelara \u015fi asigur\u0103 func\u0163ionarea serviciilor publice locale de profil.<\/li>\n\n\n\n<li>atribu\u0163ii privind desf\u0103\u015furarea alegerilor, referendumului \u015fi a recens\u0103m\u00e2ntului.<\/li>\n<\/ul>\n<\/li>\n\n\n\n<li>atribu\u0163ii referitoare la rela\u0163ia cu consiliul local:\n<ul class=\"wp-block-list\">\n<li>prezint\u0103 consiliului local, \u00een primul trimestru , un raport anual privind starea economic\u0103, social\u0103 \u015fi de mediu a unit\u0103\u0163ii administrativ-teritoriale;<\/li>\n\n\n\n<li>prezint\u0103 la solicitarea consiliului local, alte rapoarte \u015fi inform\u0103ri;<\/li>\n\n\n\n<li>elaboreaz\u0103 proiectele de strategii privind starea economic\u0103, social\u0103 si de mediu a unit\u0103\u0163ii administrativ-teritoriale \u015fi le supune spre aprobarea consiliului local.<\/li>\n<\/ul>\n<\/li>\n\n\n\n<li>atribu\u0163ii referitoare la bugetul local\n<ul class=\"wp-block-list\">\n<li>exercit\u0103 func\u0163ia de ordonator principal de credite;<\/li>\n\n\n\n<li>\u00eentocme\u015fte proiectul bugetului local \u015fi contul de \u00eencheiere a exerci\u0163iului bugetar \u015fi le supune spre aprobare consiliului local;<\/li>\n\n\n\n<li>ini\u0163iaz\u0103, \u00een condi\u0163iile legii, negocieri pentru contractarea de \u00eemprumuturi \u015fi emiterea de titluri de valoare \u00een numele unit\u0103\u0163ii administrativ-teritoriale;<\/li>\n\n\n\n<li>verific\u0103, prin compartimentele de specialitate, corecta \u00eenregistrare fiscala a contribuabililor la organul fiscal teritorial, at\u00e2t a sediului social principal c\u00e2t \u015fi a sediului secundar;<\/li>\n<\/ul>\n<\/li>\n\n\n\n<li>atribu\u0163ii privind serviciile publice asigurate cet\u0103\u0163enilor;\n<ul class=\"wp-block-list\">\n<li>coordoneaz\u0103 realizarea serviciilor publice de interes local, prestate prin intermediul aparatului de specialitate sau prin intermediul organismelor prestatoare de servicii publice \u015fi de utilitate public\u0103 de interes local;<\/li>\n\n\n\n<li>ia m\u0103suri pentru prevenirea \u015fi, dup\u0103 caz, gestionarea situa\u0163iilor de urgen\u0163a;<\/li>\n\n\n\n<li>ia m\u0103suri pentru organizarea executarii \u015fi executarea \u00een concret a activit\u0103\u0163ilor din domeniile : educa\u0163ie, servicii sociale, s\u0103n\u0103tate, cultur\u0103, tineret, sport, ordine public\u0103, situa\u0163ii de urgen\u0163\u0103, protec\u0163ia \u015fi refacerea mediului \u00eenconjur\u0103tor, conservarea \u015fi punerea \u00een valoare a monumentelor istorice \u015fi de arhitectur\u0103, dezvoltare urban\u0103, eviden\u0163a persoanelor, podurile \u015fi drumurile publice, servicii comunitare de utilitate public\u015f, servicii de urgent\u0103 de tip salvamont, salvamar \u015fi de prim ajutor, activit\u0103\u0163i de administra\u0163ie social-comunitar\u0103, locuin\u0163e sociale, alte servicii publice, stabilite prin lege;<\/li>\n\n\n\n<li>ia m\u0103suri pentru asigurarea inventarierii, eviden\u0163ei statistice, inspec\u0163iei \u015fi controlului efectu\u0103rii serviciilor publice de interes local, precum \u015fi a bunurilor din patrimoniul public \u015fi privat al unit\u0103\u0163ii administrativ \u2013 teritoriale;<\/li>\n\n\n\n<li>nume\u015fte, sanc\u0163ioneaz\u0103 \u015fi dispune suspendarea, modificarea \u015fi \u00eencetarea raporturilor de serviciu sau, dup\u0103 caz, a raporturilor de munca, \u00een condi\u0163iile legii, pentru personalul din cadrul aparatului de specialitate precum \u015fi pentru conduc\u0103torii institu\u0163iilor \u015fi serviciilor publice de interes local;<\/li>\n\n\n\n<li>asigur\u0103 elaborarea planurilor urbanistice, prev\u0103zute de lege, \u015fi le supune spre aprobare consiliului local \u015fi ac\u0163ioneaz\u0103 pentru respectarea prevederilor acestora;<\/li>\n\n\n\n<li>emite avizele, acordurile \u015fi autoriza\u0163iile date \u00een competen\u0163a sa prin lege \u015fi alte acte normative;<\/li>\n\n\n\n<li>asigur\u0103 realizarea lucr\u0103rilor \u015fi ia m\u0103surile necesare conform\u0103rii cu prevederile angajamentelor asumate \u00een procesul de integrare europeana \u00een domeniul protec\u0163iei mediului \u015fi a gospod\u0103ririi apelor pentru serviciile furnizate cet\u0103\u0163enilor;<\/li>\n<\/ul>\n<\/li>\n<\/ul>\n\n\n\n<p>Pentru exercitarea atribu\u0163iilor sale, primarul colaboreaz\u0103 cu serviciile publice deconcentrate ale ministerelor \u015fi celorlalte organe de specialitate ale administra\u0163iei publice centrale din unit\u0103\u0163ile administrativ-teritoriale, precum \u015fi cu consiliul jude\u0163ean.<br>Numirea conduc\u0103torilor institu\u0163iilor \u015fi serviciilor publice de interes local se face pe baza concursului organizat potrivit procedurilor \u015fi criteriilor aprobat de consiliul local, la propunerea primarului, \u00een condi\u0163iile legii. Numirea se face prin dispozi\u0163ia primarului, av\u00e2nd anexat contractul de management.<\/p>\n\n\n\n<p><strong>Viceprimar:<\/strong><\/p>\n\n\n\n<p><strong>Atribu\u0163iile viceprimarului<\/strong><br>Viceprimarul este ales din r\u00e2ndul consilierilor locali cu votul secret al majorit\u0103\u0163ii consilierilor.<br>Durata mandatului viceprimarului este egal\u0103 cu cea a mandatului consiliului local.<br>Atribu\u0163iile viceprimarului sunt stabilite prin Legea 215\/2001 a administra\u0163iei publice locale , \u00een baza art. 79, prin dispozi\u0163ie emisa de primar.<\/p>\n\n\n\n<ul class=\"wp-block-list\">\n<li>\u00eendruma \u015fi supravegheaz\u0103 activitatea gardienilor publici, conform angajamentelor contractuale;<\/li>\n\n\n\n<li>controleaz\u0103 igiena \u015fi salubritatea localurilor publice \u015fi produselor alimentare puse \u00een v\u00e2nzare pentru popula\u0163ie, cu sprijinul serviciilor de specialitate;<\/li>\n\n\n\n<li>asigur\u0103 repartizarea locuin\u0163elor sociale pe baza hot\u0103r\u00e2rii consiliului local;<\/li>\n\n\n\n<li>exercit\u0103 controlul asupra activit\u0103\u0163ilor din t\u00e2rguri, pie\u0163e, oboare, locuri \u015fi parcuri de distrac\u0163ii \u015fi ia m\u0103suri pentru buna func\u0163ionare a acestora;<\/li>\n\n\n\n<li>r\u0103spunde de inventarierea \u015fi administrarea bunurilor care apar\u0163in domeniului public \u015fi domeniului privat al comunei sau al ora\u015fului;<\/li>\n\n\n\n<li>organizeaz\u0103 eviden\u0163a lucr\u0103rilor de construc\u0163ii din localitate \u015fi pune la dispozi\u0163ie autorit\u0103\u0163ilor administra\u0163iei publice centrale rezultatele acestor eviden\u0163e;<\/li>\n\n\n\n<li>ia m\u0103suri pentru controlul depozit\u0103rii de\u015feurilor menajere, industriale sau de orice fel, pentru asigurarea igieniz\u0103rii malurilor cursurilor de ap\u0103 din raza comunei sau a ora\u015fului, precum \u015fi pentru decolmatarea v\u0103ilor locale \u015fi a pode\u0163elor pentru asigurarea scurgerii apelor mari.<\/li>\n<\/ul>\n\n\n\n<p><strong>Secretar:<\/strong><\/p>\n\n\n\n<p><strong>Secretarul&nbsp;<\/strong><br>Fiecare comun\u0103, ora\u015f sau subdiviziune administrativ-teritorial\u0103 a municipiilor are un secretar salarizat din bugetul local. Secretarul comunei, ora\u015fului \u015fi al subdiviziunii administrativ-teritoriale a municipiilor este func\u0163ionar public de conducere, cu studii superioare juridice sau administrative.<\/p>\n\n\n\n<ul class=\"wp-block-list\">\n<li>Secretarul nu poate fi membru al unui partid politic, sub sanc\u0163iunea eliber\u0103rii din func\u0163ie.<\/li>\n\n\n\n<li>Secretarul nu poate fi so\u0163, so\u0163ie sau rud\u0103 de gradul \u00eent\u00e2i cu primarul, viceprimarul, sub sanc\u0163iunea eliber\u0103rii din func\u0163ie.<\/li>\n\n\n\n<li>Secretarul se bucur\u0103 de stabilitate \u00een func\u0163ie, \u00een condi\u0163iile legii.<\/li>\n\n\n\n<li>Secretarul \u00eendepline\u015fte, \u00een condi\u0163iile legii, urm\u0103toarele atribu\u0163ii principale\n<ul class=\"wp-block-list\">\n<li>avizeaz\u0103 pentru legalitate dispozi\u0163iile primarului, hot\u0103r\u00e2rile consiliului local.<\/li>\n\n\n\n<li>particip\u0103 \u00een mod obligatoriu la \u015fedin\u0163ele consiliului local.<\/li>\n\n\n\n<li>asigur\u0103 gestionarea procedurilor administrative privind rela\u0163ia dintre consiliul local \u015fi primar, precum \u015fi \u00eentre ace\u015ftia \u015fi prefect.<\/li>\n\n\n\n<li>organizeaz\u0103 arhiva \u015fi eviden\u0163a statistic\u0103 a hot\u0103r\u00e2rilor consiliului local \u015fi a dispozi\u0163iilor primarului.<\/li>\n\n\n\n<li>asigur\u0103 transparen\u0163a \u015fi comunicarea c\u0103tre autorit\u0103\u0163ile, institu\u0163iile publice \u015fi persoanele interesate a actelor \u00een condi\u0163iile Legii 544\/2001 privind liberul acces la informa\u0163iile de interes public;<\/li>\n\n\n\n<li>asigur\u0103 procedurile de convocare a consiliului local \u015fi efectuarea lucr\u0103rilor de secretariat , comunic\u0103 ordinea de zi, \u00eentocme\u015fte procesul verbal al \u015fedintelor de consiliu local \u015fi redacteaza hot\u0103r\u00e2rile consiliului local;<\/li>\n\n\n\n<li>preg\u0103te\u015fte lucr\u0103rile supuse dezbaterii consiliului local \u015fi comisiilor de specialitate ale acestuia;<\/li>\n\n\n\n<li>asigur\u0103 aducerea la cuno\u015ftinta public\u0103 a hot\u0103r\u00e2rilor \u015fi dispozi\u0163iilor cu caracter normativ.<\/li>\n\n\n\n<li>elibereaz\u0103 extrase sau copii de pe orice act din arhiva consiliului local, \u00een afara celor cu caracter secret, stabilite potrivit legii.<\/li>\n\n\n\n<li>legalizeaz\u0103 semn\u0103turi de pe \u00eenscrisurile prezentate de p\u0103r\u0163i \u015fi confirm\u0103 autenticitatea copiiior cu actele originale, \u00een condi\u0163iile legii.<\/li>\n<\/ul>\n<\/li>\n<\/ul>\n","protected":false},"excerpt":{"rendered":"<p>Administra\u0163ia public\u0103&nbsp;func\u0163ioneaz\u0103 \u00een concordan\u0163\u0103 cu principiile autonomiei locale, descentraliz\u0103rii, legalit\u0103\u0163ii \u015fi al consult\u0103rii cet\u0103\u0163enilor cu privire la problemele locale.Autonomia local\u0103 este un drept exercitat de consiliile locale \u015fi primari, de consiliile jude\u0163ene, alese prin vot direct. Prim\u0103ria&nbsp;este organul executiv al Consiliului local. Primarul este \u015feful administra\u0163iei publice locale. Primarul reprezint\u0103 ora\u015ful \u00een rela\u0163iile cu persoanele&hellip;&nbsp;<a href=\"https:\/\/pogonesti.ro\/index.php\/primaria\/\" rel=\"bookmark\"><span class=\"screen-reader-text\">Primaria<\/span><\/a><\/p>\n","protected":false},"author":1,"featured_media":0,"parent":0,"menu_order":0,"comment_status":"closed","ping_status":"closed","template":"","meta":{"neve_meta_sidebar":"","neve_meta_container":"default","neve_meta_enable_content_width":"off","neve_meta_content_width":40,"neve_meta_title_alignment":"center","neve_meta_author_avatar":"","neve_post_elements_order":"","neve_meta_disable_header":"","neve_meta_disable_footer":"","neve_meta_disable_title":"","footnotes":""},"class_list":["post-37","page","type-page","status-publish","hentry"],"_links":{"self":[{"href":"https:\/\/pogonesti.ro\/index.php\/wp-json\/wp\/v2\/pages\/37","targetHints":{"allow":["GET"]}}],"collection":[{"href":"https:\/\/pogonesti.ro\/index.php\/wp-json\/wp\/v2\/pages"}],"about":[{"href":"https:\/\/pogonesti.ro\/index.php\/wp-json\/wp\/v2\/types\/page"}],"author":[{"embeddable":true,"href":"https:\/\/pogonesti.ro\/index.php\/wp-json\/wp\/v2\/users\/1"}],"replies":[{"embeddable":true,"href":"https:\/\/pogonesti.ro\/index.php\/wp-json\/wp\/v2\/comments?post=37"}],"version-history":[{"count":2,"href":"https:\/\/pogonesti.ro\/index.php\/wp-json\/wp\/v2\/pages\/37\/revisions"}],"predecessor-version":[{"id":51,"href":"https:\/\/pogonesti.ro\/index.php\/wp-json\/wp\/v2\/pages\/37\/revisions\/51"}],"wp:attachment":[{"href":"https:\/\/pogonesti.ro\/index.php\/wp-json\/wp\/v2\/media?parent=37"}],"curies":[{"name":"wp","href":"https:\/\/api.w.org\/{rel}","templated":true}]}}