{"id":43,"date":"2025-05-29T11:58:12","date_gmt":"2025-05-29T11:58:12","guid":{"rendered":"http:\/\/localhost:8888\/?page_id=43"},"modified":"2025-05-29T14:51:49","modified_gmt":"2025-05-29T14:51:49","slug":"regulament-organizare","status":"publish","type":"page","link":"https:\/\/pogonesti.ro\/index.php\/regulament-organizare\/","title":{"rendered":"Regulament organizare"},"content":{"rendered":"\n<h5 class=\"wp-block-heading\"><strong>Regulament de organizare \u015fi func\u0163ionare a Consiliului local<\/strong><\/h5>\n\n\n\n<p><strong>CAP. I<br>CONSTITUIREA CONSILIULUI LOCAL<\/strong><\/p>\n\n\n\n<p>Art. 1. Potrivit legii \u00een termen de 20 de zile de la data desf\u0103\u0163ur\u0103rii alegerilor locale se convoac\u0103 de c\u0103tre Prefect \u015fedin\u0163a de constituire a Consiliului local, \u00een cazul nostru acest lucru s-a realizat pe data de \u2026. .<br>\u015eedin\u0163a este legal constituit\u0103 dac\u0103 particip\u0103 cel pu\u0163in dou\u0103 treimi din num\u0103rul consilierilor declara\u0163i ale\u015fi. \u00cen cazul \u00een care nu se poate asigura aceast\u0103 majoritate, peste trei zile se va organiza o nou\u0103 \u015fedin\u0163\u0103 tot prin grija prefectului.<br>Art. 2. La \u015fedin\u0163a de constituire legal \u00eentrunit\u0103 poate participa \u015fi primarul care a fost declarat ales chiar dac\u0103 procedura de validare a mandatului acestuia nu a fost finalizat\u0103.<br>Art. 3. \u015eedin\u0163a de constituire este deschis\u0103 de prefect sau de reprezentantul acestuia, care \u00eel invita pe cel mai \u00een v\u00e2rst\u0103 dintre consilieri, precum \u015fi pe cei 2 asisten\u0163i ai acestuia s\u0103 preia conducerea lucr\u0103rilor \u015fedin\u0163ei.<br>Dup\u0103 preluarea conducerii \u015fedin\u0163ei se ia o pauz\u0103, \u00een timpul c\u0103reia se constituie grupurile de consilieri, iar secretarul comunei prezint\u0103 pre\u015fedintelui de v\u00e2rst\u0103 \u015fi asisten\u0163ilor acestuia dosarele consilierilor declara\u0163i ale\u015fi \u015fi pe cele ale suplean\u0163ilor a\u015fa cum au fost primite de la biroul electoral de circumscrip\u0163ie.<br>Pentru primarul care a candidat \u015fi pentru func\u0163ia de consilier \u015fi a ob\u0163inut mandatul, dosarul acestuia va fi \u00eenso\u0163it de op\u0163iunea scris\u0103 pentru una dintre cele doua func\u0163ii.<br>Pentru validarea mandatelor consilierii ale\u015fi vor alege prin vot deschis, o comisie de validare alcatuit\u0103 din 3 \u2013 5 membri. Prin grija pre\u015fedintelui decan de v\u00e2rst\u0103 se alege num\u0103rul membrilor care vor face parte din comisia de validare utiliz\u00e2nd votul deschis, comisia care \u00ee\u015fi va desf\u0103\u015fura activitatea pe toata perioada mandatului.<br>Desemnarea candida\u0163ilor care s\u0103 fac\u0103 parte nominal din comisia de validare se face pe grupuri de consilieri constituite \u00een func\u0163ie de num\u0103rul de mandate ob\u0163inute la alegeri.<br>Comisia de validare \u00ee\u015fi desemneaz\u0103 un pre\u015fedinte \u015fi un secretar care va proceda la verificarea dosarelor consilierilor ale\u015fi \u015fi va emite un proces verbal \u00een acest sens propun\u00e2nd validarea sau invalidarea mandatelor consilierilor prev\u0103zu\u0163i \u00een tabelul prezentat, \u00een ordine alfabetic\u0103.<br>Art. 4. Validarea sau invalidarea mandatelor se face \u00een ordine alfabetic\u0103, prin votul deschis. Persoana al c\u0103rei vot este supus valid\u0103rii particip\u0103 la vot.<br>Art. 5. Dupa validarea mandatelor a cel pu\u0163in dou\u0103 treimi din num\u0103rul de consilieri stabilit se va proceda la depunerea jur\u0103m\u00e2ntului de credin\u0163\u0103 de fiecare consilier \u00een parte dup\u0103 care va trece la semnarea acestuia. Dup\u0103 depunerea jur\u0103m\u00e2ntului de to\u0163i consilerii, pre\u015fedintele de \u015fedin\u0163\u0103 declar\u0103 consiliul local legal constituit.<\/p>\n\n\n\n<p><strong>CAP. II.<br>ORGANIZAREA CONSILIULUI<br>PRE\u015eEDINTELE DE \u015eEDIN\u0162\u0102<\/strong><\/p>\n\n\n\n<p>Art. 6. Dupa declararea consiliului local ca legal constituit, se procedeaz\u0103 la alegerea unui pre\u015fedinte de sedin\u0163\u0103, prin vot deschis, mandatul acestuia nu poate fi mai mare de 3 luni. Acela\u015fi consilier nu poate fi ales pre\u015fedinte de \u015fedin\u0163a cel mult de 2 ori pe durata unui mandat, dar niciodata consecutiv.<br>Dupa alegere pre\u015fedintele de \u015fedin\u0163\u0103 preia lucr\u0103rile consiliului, exercit\u00e2nd urmatoarele atribu\u0163ii principale:<\/p>\n\n\n\n<ol class=\"wp-block-list\">\n<li>Conduce \u015fedin\u0163ele consiliului local.<\/li>\n\n\n\n<li>Supune votului consilierilor proiectele de hot\u0103r\u00e2ri, asigur\u0103 num\u0103rarea voturilor \u015fi anun\u0163\u0103 rezultatul vot\u0103rii.<\/li>\n\n\n\n<li>Semneaz\u0103 hot\u0103r\u00e2rile adoptate de consiliul local, chiar daca a votat \u00eempotriva adopt\u0103rii acestora, precum \u015fi procesul-verbal.<\/li>\n\n\n\n<li>Asigur\u0103 men\u0163inerea ordinii \u015fi respectarea regulamentului de desf\u0103\u015furare a \u015fedin\u0163elor.<\/li>\n\n\n\n<li>Supune votului consilierilor orice problem\u0103 care intr\u0103 \u00een competen\u0163a de solu\u0163ionare a consiliului.<\/li>\n\n\n\n<li>Aplic\u0103 dac\u0103 este cazul, sanc\u0163iunile prev\u0103zute de statutul ale\u015filor locali sau propune consiliului aplicarea unor asemenea sanc\u0163iuni.<\/li>\n<\/ol>\n\n\n\n<p>Pre\u015fedintele de \u015fedin\u0163\u0103 \u00eendepline\u015fte orice alte atribu\u0163ii prev\u0103zute de lege, de prezentul regulament-cadru sau \u00eens\u0103rcin\u0103ri date de consiliul local.<\/p>\n\n\n\n<p>ALEGEREA VICEPRIMARULUI<\/p>\n\n\n\n<p>Art. 7. Consiliul local alege din r\u00e2ndul membrilor s\u0103i pe viceprimar prin vot secret. Propunerea de candida\u0163i pentru alegerea viceprimarului se face de grupuri de consilieri, consilieri sau primar.<br>Art. 8. Exercitarea votului se face \u00een urna special amenajat\u0103 prin t\u0103ierea cu o linie orizontal\u0103 a candidatului sau candida\u0163ilor care nu dore\u015fte sa ias\u0103 viceprimar.<br>Este declarat viceprimar candidatul care ob\u0163ine majoritatea voturilor consilierilor \u00een func\u0163ie.<br>Art. 9. Durata mandatului viceprimarului este egal\u0103 cu durata mandatului consiliului local.<\/p>\n\n\n\n<p>COMISILIILE DE SPECIALITATE<\/p>\n\n\n\n<p>Art. 10. Consiliul local, dup\u0103 constituire stabile\u015fte \u015fi organizeaza comisii de specialitate pe principalele domenii de activitate. Pot fi membrii comisiilor de specialitate numai consilieri.<br>Art. 11. Comisiile de specialitate lucreaz\u0103 valabil \u00een prezen\u0163a majorita\u0163ii membrilor s\u0103i \u015fi iau hot\u0103r\u00e2ri cu votul majorit\u0103\u0163ii acestora. \u015eedin\u0163ele comisiei de specialitate sunt, de regul\u0103 publice, \u015fi se poate hot\u0103r\u00e2 ca la dezbaterile sale s\u0103 participe \u015fi alte persoane interesate sau mass-media, dar poate hot\u0103r\u00e2 ca unele \u015fedin\u0163e s\u0103 se desf\u0103\u015foare cu u\u015file inchise.<br>Art. 12. \u00cen func\u0163ie de num\u0103rul membrilor consiliului, un consilier poate face parte din 1 \u2013 3 comisii, dintre care una este comisia de baz\u0103.<br>Art. 13. Indemniza\u0163ia de \u015fedin\u0163\u0103 se va achita numai pentru activitatea desf\u0103\u015furat\u0103 \u00een comisia de baza.<br>Fiecare comisie de specialitate \u00ee\u015fi alege, prin votul deschis al majorit\u0103\u0163ii consilierilor ce o compun, c\u00e2te un pre\u015fedinte \u015fi c\u00e2te un secretar.<br>Art. 14. Comisiile de specialitate au urm\u0103toarele atribu\u0163ii principale:<\/p>\n\n\n\n<ol class=\"wp-block-list\">\n<li>Analizeaz\u0103 proiectele de hot\u0103r\u00e2ri ale consiliului local.<\/li>\n\n\n\n<li>Se pronun\u0163\u0103 asupra altor probleme trimise de consiliul local spre avizare.<\/li>\n\n\n\n<li>\u00centocmesc avize asupra proiectelor de hot\u0103r\u00e2ri \u015fi asupra problemelor analizate, pe care le prezint\u0103 consiliului local.<\/li>\n<\/ol>\n\n\n\n<p>Art. 20. Pre\u015fedintele comisiei de specialitate are urm\u0103toarele atribu\u0163ii principale:<\/p>\n\n\n\n<ol class=\"wp-block-list\">\n<li>Asigur\u0103 reprezentarea comisiei \u00een raporturile acesteia cu consiliul local \u015fi cu celelalte comisii.<\/li>\n\n\n\n<li>Convoac\u0103 \u015fedin\u0163ele comisiei.<\/li>\n\n\n\n<li>Conduce \u015fedin\u0163ele comisiei.<\/li>\n\n\n\n<li>Propune ca la lucr\u0103rile comisiei s\u0103 participe \u015fi alte persoane din afara acesteia, dac\u0103 apreciaz\u0103 c\u0103 este necesar.<\/li>\n\n\n\n<li>Particip\u0103 la lucr\u0103rile celorlalte comisii care examineaz\u0103 probleme ce prezint\u0103 importan\u0163\u0103 pentru comisia pe care o conduce.<\/li>\n\n\n\n<li>Sus\u0163ine \u00een \u015fedin\u0163ele de consiliu avizele formulate de comisie.<\/li>\n\n\n\n<li>Anun\u0163\u0103 rezultatul vot\u0103rii, pe baza datelor comunicate de secretar.<\/li>\n<\/ol>\n\n\n\n<p>Art. 21. Secretarul comisiei \u00eendepline\u015fte urm\u0103toarele atribu\u0163ii principale:<\/p>\n\n\n\n<ol class=\"wp-block-list\">\n<li>Efectueaz\u0103 apelul nominal \u015fi \u0163ine eviden\u0163a particip\u0103rii la \u015fedin\u0163e a membrilor comisiei.<\/li>\n\n\n\n<li>Num\u0103r\u0103 voturile \u015fi \u00eel informeaz\u0103 pe pre\u015fedinte asupra cvorumului necesar pentru adoptarea fiecarei hot\u0103r\u00e2ri \u015fi asupra rezultatului vot\u0103rii.<\/li>\n\n\n\n<li>Asigur\u0103 redactarea avizelor \u015fi proceselor-verbale etc.<\/li>\n<\/ol>\n\n\n\n<p>Secretarul comisiei \u00eendepline\u015fte orice alte sarcini prev\u0103zute de regulamentul de organizare \u015fi func\u0163ionare a consiliului sau \u00eens\u0103rcinari stabilite de comisie sau de c\u0103tre pre\u015fedinte.<br>Participarea membrilor comisiei la \u015fedintele acesteia este obligatorie.<br>\u00cen caz de absen\u0163\u0103 la \u015fedin\u0163a comisiei de baz\u0103 a consilierului \u00een cauz\u0103 nu i se acord\u0103 indemniza\u0163ie de \u015fedin\u0163\u0103.<br>Avizele \u00eentocmite de comisie vor cuprinde separat, cu motivarea necesar\u0103, atat amendamentele \u015fi propunerile acceptate, c\u00e2t \u015fi cele respinse.<br>Avizul \u00eentocmit de comisie se prezint\u0103 secretarului unit\u0103\u0163ii administrativ-teritoriale, care \u00eel va prezenta consilierilor, o dat\u0103 cu ordinea de zi.<br>Lucr\u0103rile \u015fedin\u0163elor comisiilor de specialitate se contrasemneaz\u0103 \u00eentr-un proces-verbal care va fi semnat de c\u0103tre pre\u015fedintele \u015fi secretarul comisiei.<br>Art. 23. Dac\u0103 \u00een urma dezbaterilor din \u015fedin\u0163a consiliului local se impun modific\u0103ri de fond \u00een con\u0163inutul proiectului, pre\u015fedintele de \u015fedin\u0163\u0103 poate hot\u0103r\u00e2 retrimiterea proiectului pentru reexaminare de c\u0103tre comisia sau compartimentul de specialitate care a \u00eentocmit avizul.<br>Art. 24. Activitatea comisiilor de specialitate poate fi verificat\u0103 printr-o ancheta hot\u0103r\u00e2t\u0103 de consiliul local la cererea a cel pu\u0163in dou\u0103 treimi din num\u0103rul consilierilor din func\u0163ie.<br>Art. 25. Dup\u0103 depunerea jur\u0103m\u00e2ntului primarul intr\u0103 \u00een exerci\u0163iul de drept al mandatului. Primarul va ocupa \u00een sala de \u015fedin\u0163e un loc distinct, separat de cel al pre\u015fedintelui de \u015fedin\u0163\u0103. De asemenea la fel se procedeaz\u0103 \u015fi cu alte persoane invitate cum ar fi prefectul sau reprezenta\u0163i ai acestuia.<br>Art. 26. Primarul particip\u0103 la \u015fedintele consiliului local \u015fi are dreptul s\u0103 \u00ee\u015fi exprime punctul de vedere asupra tuturor problemelor \u00eenscrise pe ordinea de zi. Punctul de vedere al primarului va fi consemnat \u00een procesul-verbal de \u015fedin\u0163\u0103.<br>Art. 27. Secretarul comunei particip\u0103 obligatoriu la \u015fedin\u0163ele consiliului \u015fi are urm\u0103toarele atribu\u0163ii principale :<\/p>\n\n\n\n<ol class=\"wp-block-list\">\n<li>Asigur\u0103 \u00eendeplinirea procedurilor de convocare a consiliului local, la cererea primarului sau a cel pu\u0163in unei treimi din num\u0103rul consilierilor \u00een func\u0163ie.<\/li>\n\n\n\n<li>Asigur\u0103 efectuarea lucr\u0103rilor de secretariat.<\/li>\n\n\n\n<li>Efectueaz\u0103 apelul nominal \u015fi \u0163ine eviden\u0163a particip\u0103rii la \u015fedinte a consilierilor.<\/li>\n\n\n\n<li>Num\u0103r\u0103 voturile \u015fi consemneaz\u0103 rezultatul vot\u0103rii, pe care \u00eel prezint\u0103 pre\u015fedintelui de \u015fedin\u0163\u0103.<\/li>\n\n\n\n<li>Informeaz\u0103 pe pre\u015fedintele de \u015fedin\u0163\u0103 cu privire la cvorumul necesar pentru adoptarea fiec\u0103rei hot\u0103r\u00e2ri a consiliului local.<\/li>\n\n\n\n<li>Asigur\u0103 \u00eentocmirea procesului-verbal de \u015fedin\u0163\u0103, pune la dispozi\u0163ie consilierilor \u00eenaintea fiec\u0103rei \u015fedin\u0163e procesul-verbal a \u015fedin\u0163ei anterioare, asupra con\u0163inutului c\u0103rora solicit\u0103 acordul consiliului.<\/li>\n\n\n\n<li>Asigur\u0103 \u00eentocmirea dosarelor de \u015fedin\u0163\u0103, legarea, numerotarea paginilor, semnarea \u015fi \u015ftampilarea acestora.<\/li>\n\n\n\n<li>Urm\u0103re\u015fte ca la deliberarea \u015fi adoptarea unor hot\u0103r\u00e2ri ale consiliului local s\u0103 nu ia parte consilierii care prezint\u0103 vreun interes \u00een concurs cu activit\u0103\u0163i la care acesta este implicat sau cu rudele acestuia.<\/li>\n\n\n\n<li>Prezint\u0103 \u00een fa\u0163a consiliului local punctul s\u0103u de vedere cu privire la legalitatea unor proiecte de hot\u0103r\u00e2ri sau a altor m\u0103suri supuse deliber\u0103rii consiliului; dac\u0103 este cazul, refuz\u0103 s\u0103 contrasemneze hot\u0103r\u00e2rile pe care le consider\u0103 ilegale.<\/li>\n\n\n\n<li>Contrasemneaz\u0103, \u00een condi\u0163iile legii \u015fi ale prezentului regulament, hot\u0103r\u00e2rile consiliului local pe care le consider\u0103 legale.<\/li>\n\n\n\n<li>Poate propune primarului \u00eenscrierea unor probleme \u00een proiectul ordinii de zi a \u015fedin\u0163elor ordinare ale consiliului local.<\/li>\n\n\n\n<li>Acord\u0103 membrilor consiliului asisten\u0163\u0103 \u015fi sprijin de specialitate \u00een desf\u0103\u015furarea activit\u0103\u0163ii, inclusiv la redactarea proiectelor de hot\u0103r\u00e2ri sau la definitivarea celor discutate \u015fi aprobate de consiliu.<\/li>\n<\/ol>\n\n\n\n<p>Art. 28. Secretarul \u00eendepline\u015fte orice alte atribu\u0163ii stabilite de lege, de regulamentul de organizare a consiliului local privitoare la buna organizare \u015fi desf\u0103\u015furare a \u015fedin\u0163elor consiliului.<\/p>\n\n\n\n<p><strong>CAP. III.<br>DESF\u0102\u015eURAREA \u015eEDINTELOR<\/strong><\/p>\n\n\n\n<p>Art. 29. Ordinea de zi a \u015fedin\u0163elor consiliului local cuprinde proiecte de hot\u0103r\u00e2ri, rapoarte ale comisiilor de specialitate. Ordinea de zi este cuprins\u0103 \u00een cuprinsul invita\u0163iei de \u015fedin\u0163\u0103 transmise consilierilor \u015fi se aduce la cuno\u015ftin\u0163a locuitorilor prin mass-media sau prin orice alt mijloc de publicitate.<br>Proiectul ordinii de zi se \u00eentocme\u015fte la propunerea primarului, consilierilor, comisiilor de specialitate sau la solicitarea cet\u0103\u0163enilor.<br>Proiectul ordinii de zi se supune aprob\u0103rii consiliului.<br>Proiectele de hot\u0103r\u00e2ri \u015fi celelalte probleme asupra c\u0103rora urmeaz\u0103 s\u0103 se delibereze se \u00eenscriu pe ordinea de zi numai dac\u0103 sunt \u00eenso\u0163ite de avizul comisiilor de specialitate c\u0103rora le-au fost transmise \u00een acest scop \u015fi de raportul compartimentului de specialitate din cadrul aparatului propriu al consiliului local.<br>Art. 30. Consilierii sunt obliga\u0163i s\u0103 fie prezen\u0163i la lucr\u0103rile consiliului \u015fi s\u0103 \u00ee\u015fi \u00eenregistreze prezen\u0163a \u00een eviden\u0163a \u0163inut\u0103 de secretar.<br>Consilierul care nu poate lua parte la \u015fedin\u0163\u0103 este obligat s\u0103 comunice acest lucru pre\u015fedintelui de \u015fedin\u0163\u0103 sau secretarului.<br>Art. 31. Dezbaterea problemelor se face \u00een ordinea strict\u0103 \u00een care acestea sunt \u00eenscrise pe ordinea de zi aprobat\u0103. Dezbaterea \u00eencepe prin prezentarea pe scurt a proiectului de hot\u0103r\u00e2re sau a problemei \u00eenscrise pe ordinea de zi, pe care o face ini\u0163iatorul. Apoi se d\u0103 cuv\u00e2ntul pre\u015fedintelui comisiei de specialitate \u015fi, daca este cazul, \u015fefului compartimentului care a \u00eentocmit raportul.<br>Dup\u0103 efectuarea prezent\u0103rilor prev\u0103zute de lege se trece la dezbateri.<br>Consilierii vor participa la dezbateri \u00een ordinea \u00eenscrierii la cuv\u00e2nt. Pre\u015fedintele de \u015fedinta are dreptul s\u0103 limiteze durata lu\u0103rilor de cuv\u00e2nt, \u00een func\u0163ie de obiectul dezbaterii. Consilierul este obligat ca \u00een cuv\u00e2ntul s\u0103u s\u0103 se refere exclusiv la problema care formeaza obiectul dezbaterii. Pre\u015fedintele de \u015fedin\u0163a va urm\u0103ri ca prezen\u0163a la dezbateri s\u0103 se faca din partea tuturor grupurilor de consilieri.<br>Art. 32. Pre\u015fedintele de \u015fedin\u0163\u0103 va permite oric\u00e2nd unui consilier s\u0103 r\u0103spund\u0103 \u00eentr-o problem\u0103 de ordin personal sau atunci c\u00e2nd a fost nominalizat de un alt vorbitor.<br>Art. 33. Este interzis\u0103 proferarea de insulte sau calomnii de c\u0103tre consilierii prezen\u0163i la \u015fedin\u0163\u0103, precum \u015fi dialogul dintre vorbitori \u015fi persoanele aflate \u00een sal\u0103. \u00cen cazul \u00een care desf\u0103\u015furarea lucr\u0103rilor este perturbat\u0103, pre\u015fedintele de \u015fedin\u0163\u0103 poate \u00eentrerupe dezbaterile \u015fi aplicarea de sanc\u0163iuni corespunz\u0103toare.<br>Art.34. Asupra proiectelor de hot\u0103r\u00e2ri au loc dezbateri generale \u015fi pe articole, consilierii put\u00e2nd formula amendamente de fond sau de redactare. Amendamentele formulate se supun votului consiliului local \u00een ordinea formul\u0103rii lor.<\/p>\n\n\n\n<p>ELABORAREA PROIECTELOR DE HOR\u0102R\u00c2RI<\/p>\n\n\n\n<p>Art. 35. Dreptul la ini\u0163iativ\u0103 pentru proiectele de hot\u0103r\u00e2ri ale consiliului local apar\u0163ine primarului \u015fi consilierilor. Proiectele de hot\u0103r\u00e2ri vor fi \u00eenso\u0163ite de o expunere de motive \u015fi vor fi redactate \u00een conformitate cu normele de tehnic\u0103 legislativ\u0103. \u00cen acest sens secretarul comunei \u015fi personalul de specialitate din aparatul propriu al consiliului vor acorda sprijin \u015fi asisten\u0163\u0103 tehnic\u0103 de specialitate.<br>Art. 36. Proiectele de hot\u0103r\u00e2ri se \u00eenscriu pe ordinea de zi a \u015fedin\u0163elor prin men\u0163ionarea titlului \u015fi a ini\u0163iatorului. Acestea se transmit spre dezbatere \u015fi avizare comisiilor de specialitate ale consiliului local, precum \u015fi compartimentelor de resort pentru \u00eentocmirea raportului. Nominalizarea comisiilor \u015fi compartimentului de resort se face de c\u0103tre primar \u00eempreun\u0103 cu secretarul.<br>Art. 37. Proiectele de hot\u0103r\u00e2ri \u015fi celelalte propuneri, \u00eenso\u0163ite de avizul comisiei de specialitate \u015fi de raportul compartimentului de resort din aparatul propriu al consiliului, se \u00eenscriu pe ordinea de zi \u015fi se supun dezbaterii \u015fi votului consiliului \u00een prima \u015fedin\u0163\u0103 ordinar\u0163 a acestuia.<br>Art. 38. Votul consilierilor este individual \u015fi poate fi deschis sau secret, \u00een func\u0163ie de hot\u0103r\u00e2rea acestora. Proiectele de hot\u0103r\u00e2ri sau propunerile respinse nu pot fi readuse \u00een dezbaterea consiliului \u00een cursul aceleia\u015fi \u015fedin\u0163e.<\/p>\n\n\n\n<p><strong>CAP. IV.<br>\u00ceNTREB\u0102RI, INTERPEL\u0102RI, PETI\u0162II \u015eI INFORMAREA CONSILIERILOR<\/strong><\/p>\n\n\n\n<p>Art. 39. Consilierii pot adresa \u00eentreb\u0103ri primarului, viceprimarului \u015fi secretarului comunei, precum \u015fi \u015fefilor compartimentelor din aparatul propriu al consiliului local sau ai serviciilor \u015fi unit\u0103\u0163ilor subordonate. Prin \u00eentrebari se solicit\u0103 informa\u0163ii cu privire la un fapt necunoscut. Cei \u00eentreba\u0163i vor r\u0103spunde, de regul\u0103, imediat sau, daca nu este posibil, la urm\u0103toarea \u015fedin\u0163\u0103 a consiliului.<br>Art. 40. Orice cet\u0103\u0163ean are dreptul s\u0103 se adreseze cu peti\u0163ii consiliului local. Acestea se \u00eenscriu \u00eentr-un registru special, sunt analizate \u015fi solu\u0163ionate potrivit reglement\u0103rilor legale \u00een vigoare.<br>Semestrial consiliul analizeaz\u0103 modul de solu\u0163ionare a peti\u0163iilor.<\/p>\n\n\n\n<p><strong>CAP. V.<br>DREPTURILE \u015eI OBLIGA\u0162IILE CONSILIERILOR LOCALI<\/strong><\/p>\n\n\n\n<p>Art. 41. Pentru participarea la \u015fedin\u0163ele consiliului local \u015fi ale comisiilor de specialitate consilierul prime\u015fte o indemniza\u0163ie de \u015fedin\u0163\u0103 \u00een cuantumul \u015fi\u00eein condi\u0163iile stabilite de lege.<br>Consilierul are dreptul la diurn\u0103 de deplasare \u015fi plata cheltuielilor de transport \u015fi de cazare pentru activit\u0103\u0163ile prilejuite de exercitarea mandatului.<br>Art. 42. Participarea consilierilor la \u015fedintele consiliului local \u015fi ale comisiilor de specialitate este obligatorie. Consilierul care lipse\u015fte de la dou\u0103 \u015fedin\u0163e consecutive va fi sanc\u0163ionat, potrivit prevederilor Statutului ale\u015filor locali.<br>Art. 43. Consilierul local poate demisiona prin cerere scris\u0103 adresat\u0103 consiliului.<br>Art. 44. \u00cen exercitarea atribu\u0163iilor ce-i revin cu privire la men\u0163inerea ordinei \u015fi respectarea regulamentului \u00een timpul \u015fedin\u0163ei consiliului pre\u015fedintele de \u015fedin\u0163\u0103 poate aplica una din urm\u0103toarele sanc\u0163iuni:<\/p>\n\n\n\n<ol class=\"wp-block-list\">\n<li>Avertisment.<\/li>\n\n\n\n<li>Chemarea la ordine.<\/li>\n\n\n\n<li>Retragerea cuv\u00e2ntului.<\/li>\n\n\n\n<li>Eliminarea din sala de \u015fedin\u0163\u0103.<\/li>\n<\/ol>\n\n\n\n<p>Eliminarea din sala de \u015fedin\u0163\u0103 echivaleaz\u0103 cu absen\u0163a nemotivat\u0103.<br>Art. 45. Consiliul local poate hot\u0103r\u00e2 cu votul a cel pu\u0163in dou\u0103 treimi din num\u0103rul membrilor s\u0103i aplicarea urm\u0103toarelor sanc\u0163iuni consilierilor locali, care \u00een exercitarea mandatului au s\u0103v\u00e2r\u015fit abateri de la prevederile legii \u015fi ale prezentului regulament:<\/p>\n\n\n\n<ol class=\"wp-block-list\">\n<li>Interzicerea de a participa la lucr\u0103rile urm\u0103toarei \u015fedin\u0163e a consiliului.<\/li>\n\n\n\n<li>Excluderea temporar\u0103 de la lucr\u0103rile consiliului \u015fi ale comisiei de specialitate.<\/li>\n\n\n\n<li>Retragerea indemniza\u0163iei de \u015fedin\u0163\u0103 pentru 1-2 \u015fedin\u0163e.<\/li>\n<\/ol>\n\n\n\n<p><\/p>\n","protected":false},"excerpt":{"rendered":"<p>Regulament de organizare \u015fi func\u0163ionare a Consiliului local CAP. ICONSTITUIREA CONSILIULUI LOCAL Art. 1. Potrivit legii \u00een termen de 20 de zile de la data desf\u0103\u0163ur\u0103rii alegerilor locale se convoac\u0103 de c\u0103tre Prefect \u015fedin\u0163a de constituire a Consiliului local, \u00een cazul nostru acest lucru s-a realizat pe data de \u2026. .\u015eedin\u0163a este legal constituit\u0103 dac\u0103&hellip;&nbsp;<a href=\"https:\/\/pogonesti.ro\/index.php\/regulament-organizare\/\" rel=\"bookmark\"><span class=\"screen-reader-text\">Regulament organizare<\/span><\/a><\/p>\n","protected":false},"author":1,"featured_media":0,"parent":0,"menu_order":0,"comment_status":"closed","ping_status":"closed","template":"","meta":{"neve_meta_sidebar":"","neve_meta_container":"","neve_meta_enable_content_width":"","neve_meta_content_width":0,"neve_meta_title_alignment":"center","neve_meta_author_avatar":"","neve_post_elements_order":"","neve_meta_disable_header":"","neve_meta_disable_footer":"","neve_meta_disable_title":"","footnotes":""},"class_list":["post-43","page","type-page","status-publish","hentry"],"_links":{"self":[{"href":"https:\/\/pogonesti.ro\/index.php\/wp-json\/wp\/v2\/pages\/43","targetHints":{"allow":["GET"]}}],"collection":[{"href":"https:\/\/pogonesti.ro\/index.php\/wp-json\/wp\/v2\/pages"}],"about":[{"href":"https:\/\/pogonesti.ro\/index.php\/wp-json\/wp\/v2\/types\/page"}],"author":[{"embeddable":true,"href":"https:\/\/pogonesti.ro\/index.php\/wp-json\/wp\/v2\/users\/1"}],"replies":[{"embeddable":true,"href":"https:\/\/pogonesti.ro\/index.php\/wp-json\/wp\/v2\/comments?post=43"}],"version-history":[{"count":2,"href":"https:\/\/pogonesti.ro\/index.php\/wp-json\/wp\/v2\/pages\/43\/revisions"}],"predecessor-version":[{"id":55,"href":"https:\/\/pogonesti.ro\/index.php\/wp-json\/wp\/v2\/pages\/43\/revisions\/55"}],"wp:attachment":[{"href":"https:\/\/pogonesti.ro\/index.php\/wp-json\/wp\/v2\/media?parent=43"}],"curies":[{"name":"wp","href":"https:\/\/api.w.org\/{rel}","templated":true}]}}